{"id":19,"date":"2018-06-25T11:40:10","date_gmt":"2018-06-25T09:40:10","guid":{"rendered":"https:\/\/www.meritessportifsvaudois.ch\/?page_id=3"},"modified":"2018-06-25T11:40:10","modified_gmt":"2018-06-25T09:40:10","slug":"politique-de-confidentialite","status":"publish","type":"page","link":"https:\/\/msv.igibits.com\/?page_id=19","title":{"rendered":"Politique de confidentialit\u00e9"},"content":{"rendered":"<div id=\"pl-3\"  class=\"panel-layout\" >\n<div id=\"pg-3-0\"  class=\"panel-grid panel-has-style\"  data-style=\"{&quot;cell_alignment&quot;:&quot;flex-start&quot;,&quot;align&quot;:&quot;&quot;,&quot;background_image&quot;:false,&quot;overlay&quot;:&quot;&quot;,&quot;overlay_color&quot;:&quot;#000000&quot;}\"  data-ratio=\"1\"  data-ratio-direction=\"right\" >\n<div style=\"padding: 100px 0; \" data-overlay=\"true\" data-overlay-color=\"#000000\" class=\"panel-row-style panel-row-style-for-3-0\" >\n<div id=\"pgc-3-0-0\"  class=\"panel-grid-cell\"  data-weight=\"1\" >\n<div id=\"panel-3-0-0-0\" class=\"so-panel widget widget_sow-editor panel-first-child panel-last-child\" data-index=\"0\" data-style=\"{&quot;background_image_attachment&quot;:false,&quot;background_display&quot;:&quot;tile&quot;,&quot;content_alignment&quot;:&quot;left&quot;,&quot;title_color&quot;:&quot;#443f3f&quot;,&quot;headings_color&quot;:&quot;#443f3f&quot;}\" >\n<div style=\"text-align: left;\" data-title-color=\"#443f3f\" data-headings-color=\"#443f3f\" class=\"panel-widget-style panel-widget-style-for-3-0-0-0\" >\n<div class=\"so-widget-sow-editor so-widget-sow-editor-base\">\n<h3 class=\"widget-title\">Qui sommes-nous ?<\/h3>\n<div class=\"siteorigin-widget-tinymce textwidget\">\n\tL\u2019adresse de notre site Web est\u00a0: meritessportifsvaudois.ch.<\/p>\n<p>Chaque ann\u00e9e nous d\u00e9cernons six distinctions \u00e0 des sportifs, des sportives, des espoirs, des clubs, des \u00e9quipes et des dirigeants\u00b7es pour soutenir le sport dans le canton de Vaud.<\/p><\/div>\n<\/div>\n<\/div>\n<\/div>\n<\/div>\n<\/div>\n<\/div>\n<div id=\"pg-3-1\"  class=\"panel-grid panel-has-style\"  data-style=\"{&quot;cell_alignment&quot;:&quot;flex-start&quot;,&quot;align&quot;:&quot;&quot;,&quot;background_image&quot;:false,&quot;overlay&quot;:&quot;&quot;,&quot;overlay_color&quot;:&quot;#000000&quot;}\"  data-ratio=\"1\"  data-ratio-direction=\"right\" >\n<div style=\"padding: 100px 0; \" data-overlay=\"true\" data-overlay-color=\"#000000\" class=\"panel-row-style panel-row-style-for-3-1\" >\n<div id=\"pgc-3-1-0\"  class=\"panel-grid-cell\"  data-weight=\"1\" >\n<div id=\"panel-3-1-0-0\" class=\"so-panel widget widget_sow-editor panel-first-child panel-last-child\" data-index=\"1\" data-style=\"{&quot;padding&quot;:&quot;0px 0px 0px 0px&quot;,&quot;mobile_padding&quot;:&quot;0px 0px 0px 0px&quot;,&quot;background_image_attachment&quot;:false,&quot;background_display&quot;:&quot;tile&quot;,&quot;margin&quot;:&quot;0px 0px 0px 0px&quot;,&quot;content_alignment&quot;:&quot;left&quot;,&quot;title_color&quot;:&quot;#443f3f&quot;,&quot;headings_color&quot;:&quot;#443f3f&quot;}\" >\n<div style=\"text-align: left;\" data-title-color=\"#443f3f\" data-headings-color=\"#443f3f\" class=\"panel-widget-style panel-widget-style-for-3-1-0-0\" >\n<div class=\"so-widget-sow-editor so-widget-sow-editor-base\">\n<h3 class=\"widget-title\">Utilisation des donn\u00e9es personnelles collect\u00e9es<\/h3>\n<div class=\"siteorigin-widget-tinymce textwidget\">\n\t<\/div>\n<\/div>\n<\/div>\n<\/div>\n<\/div>\n<\/div>\n<\/div>\n<div id=\"pg-3-2\"  class=\"panel-grid panel-has-style\"  data-style=\"{&quot;cell_alignment&quot;:&quot;flex-start&quot;,&quot;align&quot;:&quot;&quot;,&quot;background_image&quot;:false,&quot;overlay&quot;:&quot;&quot;,&quot;overlay_color&quot;:&quot;#000000&quot;}\" >\n<div style=\"padding: 100px 0; \" data-overlay=\"true\" data-overlay-color=\"#000000\" class=\"panel-row-style panel-row-style-for-3-2\" >\n<div id=\"pgc-3-2-0\"  class=\"panel-grid-cell\"  data-weight=\"0.5\" >\n<div id=\"panel-3-2-0-0\" class=\"so-panel widget widget_sow-editor panel-first-child\" data-index=\"2\" data-style=\"{&quot;background_image_attachment&quot;:false,&quot;background_display&quot;:&quot;tile&quot;,&quot;content_alignment&quot;:&quot;left&quot;,&quot;title_color&quot;:&quot;#443f3f&quot;,&quot;headings_color&quot;:&quot;#443f3f&quot;}\" >\n<div style=\"text-align: left;\" data-title-color=\"#443f3f\" data-headings-color=\"#443f3f\" class=\"panel-widget-style panel-widget-style-for-3-2-0-0\" >\n<div class=\"so-widget-sow-editor so-widget-sow-editor-base\">\n<h3 class=\"widget-title\">M\u00e9dias<\/h3>\n<div class=\"siteorigin-widget-tinymce textwidget\">\n\tSi vous proposez une candidature et que vous t\u00e9l\u00e9versez des images sur le site web, nous vous conseillons d\u2019\u00e9viter de t\u00e9l\u00e9verser des images contenant des donn\u00e9es EXIF de coordonn\u00e9es GPS. Les visiteurs de notre site web pourraient t\u00e9l\u00e9charger et extraire des donn\u00e9es de localisation depuis ces images.<\/div>\n<\/div>\n<\/div>\n<\/div>\n<div id=\"panel-3-2-0-1\" class=\"so-panel widget widget_sow-editor\" data-index=\"3\" data-style=\"{&quot;background_image_attachment&quot;:false,&quot;background_display&quot;:&quot;tile&quot;,&quot;content_alignment&quot;:&quot;left&quot;,&quot;title_color&quot;:&quot;#443f3f&quot;,&quot;headings_color&quot;:&quot;#443f3f&quot;}\" >\n<div style=\"text-align: left;\" data-title-color=\"#443f3f\" data-headings-color=\"#443f3f\" class=\"panel-widget-style panel-widget-style-for-3-2-0-1\" >\n<div class=\"so-widget-sow-editor so-widget-sow-editor-base\">\n<h3 class=\"widget-title\">Contenu embarqu\u00e9 depuis d\u2019autres sites<\/h3>\n<div class=\"siteorigin-widget-tinymce textwidget\">\n\tLes articles de ce site peuvent inclure des contenus int\u00e9gr\u00e9s (par exemple des vid\u00e9os, images, articles\u2026). Le contenu int\u00e9gr\u00e9 depuis d\u2019autres sites se comporte de la m\u00eame mani\u00e8re que si le visiteur se rendait sur cet autre site.<\/p>\n<p>Ces sites web pourraient collecter des donn\u00e9es sur vous, utiliser des cookies, embarquer des outils de suivis tiers, suivre vos interactions avec ces contenus embarqu\u00e9s si vous disposez d\u2019un compte connect\u00e9 sur leur site web.<\/p><\/div>\n<\/div>\n<\/div>\n<\/div>\n<div id=\"panel-3-2-0-2\" class=\"so-panel widget widget_sow-editor\" data-index=\"4\" data-style=\"{&quot;background_image_attachment&quot;:false,&quot;background_display&quot;:&quot;tile&quot;,&quot;content_alignment&quot;:&quot;left&quot;,&quot;title_color&quot;:&quot;#443f3f&quot;,&quot;headings_color&quot;:&quot;#443f3f&quot;}\" >\n<div style=\"text-align: left;\" data-title-color=\"#443f3f\" data-headings-color=\"#443f3f\" class=\"panel-widget-style panel-widget-style-for-3-2-0-2\" >\n<div class=\"so-widget-sow-editor so-widget-sow-editor-base\">\n<h3 class=\"widget-title\">Sondage<\/h3>\n<div class=\"siteorigin-widget-tinymce textwidget\">\n\tEn cr\u00e9ant un compte pour participer au sondage, vous acceptez d\u2019\u00eatre contact\u00e9 pour participer \u00e0 nouveau au sondage de l\u2019ann\u00e9e suivante, en supprimant votre compte vous pouvez arr\u00eater d\u2019\u00eatre contact\u00e9. Vous pouvez \u00e9viter d\u2019\u00eatre contact\u00e9 en supprimant votre compte.<\/div>\n<\/div>\n<\/div>\n<\/div>\n<div id=\"panel-3-2-0-3\" class=\"so-panel widget widget_sow-editor\" data-index=\"5\" data-style=\"{&quot;background_image_attachment&quot;:false,&quot;background_display&quot;:&quot;tile&quot;,&quot;content_alignment&quot;:&quot;left&quot;,&quot;title_color&quot;:&quot;#443f3f&quot;,&quot;headings_color&quot;:&quot;#443f3f&quot;}\" >\n<div style=\"text-align: left;\" data-title-color=\"#443f3f\" data-headings-color=\"#443f3f\" class=\"panel-widget-style panel-widget-style-for-3-2-0-3\" >\n<div class=\"so-widget-sow-editor so-widget-sow-editor-base\">\n<h3 class=\"widget-title\">Les droits que vous avez sur vos donn\u00e9es<\/h3>\n<div class=\"siteorigin-widget-tinymce textwidget\">\n<p>Si vous avez un compte, vous pouvez demander \u00e0 recevoir un fichier contenant toutes les donn\u00e9es personnelles que nous poss\u00e9dons \u00e0 votre sujet, incluant celles que vous nous avez fournies. Vous pouvez \u00e9galement demander la suppression des donn\u00e9es personnelles vous concernant depuis notre formulaire de contact. Cela ne prend pas en compte les donn\u00e9es stock\u00e9es \u00e0 des fins administratives, l\u00e9gales ou pour des raisons de s\u00e9curit\u00e9.<\/p>\n<\/div>\n<\/div>\n<\/div>\n<\/div>\n<div id=\"panel-3-2-0-4\" class=\"so-panel widget widget_sow-editor panel-last-child\" data-index=\"6\" data-style=\"{&quot;background_image_attachment&quot;:false,&quot;background_display&quot;:&quot;tile&quot;,&quot;content_alignment&quot;:&quot;left&quot;,&quot;title_color&quot;:&quot;#443f3f&quot;,&quot;headings_color&quot;:&quot;#443f3f&quot;}\" >\n<div style=\"text-align: left;\" data-title-color=\"#443f3f\" data-headings-color=\"#443f3f\" class=\"panel-widget-style panel-widget-style-for-3-2-0-4\" >\n<div class=\"so-widget-sow-editor so-widget-sow-editor-base\">\n<h3 class=\"widget-title\">Comment nous prot\u00e9geons vos donn\u00e9es<\/h3>\n<div class=\"siteorigin-widget-tinymce textwidget\">\n\tLes transferts de donn\u00e9es sont crypt\u00e9es par SSL\/TLS \u00e0 l\u2019aide d\u2019un certificat Let\u2019s Encrypt.<\/div>\n<\/div>\n<\/div>\n<\/div>\n<\/div>\n<div id=\"pgc-3-2-1\"  class=\"panel-grid-cell\"  data-weight=\"0.5\" >\n<div id=\"panel-3-2-1-0\" class=\"so-panel widget widget_sow-editor panel-first-child\" data-index=\"7\" data-style=\"{&quot;background_image_attachment&quot;:false,&quot;background_display&quot;:&quot;tile&quot;,&quot;content_alignment&quot;:&quot;left&quot;,&quot;title_color&quot;:&quot;#443f3f&quot;,&quot;headings_color&quot;:&quot;#443f3f&quot;}\" >\n<div style=\"text-align: left;\" data-title-color=\"#443f3f\" data-headings-color=\"#443f3f\" class=\"panel-widget-style panel-widget-style-for-3-2-1-0\" >\n<div class=\"so-widget-sow-editor so-widget-sow-editor-base\">\n<h3 class=\"widget-title\">Cookies<\/h3>\n<div class=\"siteorigin-widget-tinymce textwidget\">\n\tSi vous cr\u00e9ez un compte depuis notre site, il vous sera propos\u00e9 d\u2019enregistrer votre pr\u00e9nom, nom et adresse de messagerie dans des cookies. C\u2019est uniquement pour votre confort afin de ne pas avoir \u00e0 saisir ces informations si vous vous connectez plus tard. Ces cookies expirent au bout d\u2019un an.<\/p>\n<p>Si vous avez un compte et que vous vous connectez sur ce site, un cookie temporaire sera cr\u00e9\u00e9 afin de d\u00e9terminer si votre navigateur accepte les cookies. Il ne contient pas de donn\u00e9es personnelles et sera supprim\u00e9 automatiquement \u00e0 la fermeture de votre navigateur.<\/p>\n<p>Lorsque vous vous connecterez, nous mettrons en place un certain nombre de cookies pour enregistrer vos informations de connexion et vos pr\u00e9f\u00e9rences d\u2019\u00e9cran. La dur\u00e9e de vie d\u2019un cookie de connexion est de deux jours, celle d\u2019un cookie d\u2019option d\u2019\u00e9cran est d\u2019un an. Si vous cochez \u00ab\u00a0Se souvenir de moi\u00a0\u00bb, votre cookie de connexion sera conserv\u00e9 pendant deux semaines. Si vous vous d\u00e9connectez de votre compte, le cookie de connexion sera effac\u00e9.<\/p><\/div>\n<\/div>\n<\/div>\n<\/div>\n<div id=\"panel-3-2-1-1\" class=\"so-panel widget widget_sow-editor\" data-index=\"8\" data-style=\"{&quot;background_image_attachment&quot;:false,&quot;background_display&quot;:&quot;tile&quot;,&quot;content_alignment&quot;:&quot;left&quot;,&quot;title_color&quot;:&quot;#443f3f&quot;,&quot;headings_color&quot;:&quot;#443f3f&quot;}\" >\n<div style=\"text-align: left;\" data-title-color=\"#443f3f\" data-headings-color=\"#443f3f\" class=\"panel-widget-style panel-widget-style-for-3-2-1-1\" >\n<div class=\"so-widget-sow-editor so-widget-sow-editor-base\">\n<h3 class=\"widget-title\">Formulaire de contact et proposition de candidature<\/h3>\n<div class=\"siteorigin-widget-tinymce textwidget\">\n\tNous collectons, traitons et utilisons vos informations \u00e0 caract\u00e8re personnel pour :<\/p>\n<ul>\n<li>R\u00e9pondre \u00e0 l\u2019ensemble de vos demandes formul\u00e9es via un formulaire de contact.<\/li>\n<li>Permettre de r\u00e9colter des informations afin de s\u00e9lectionner une candidature.<\/li>\n<li>R\u00e9pondre \u00e0 vos demandes commerciales.<\/li>\n<\/ul>\n<\/div>\n<\/div>\n<\/div>\n<\/div>\n<div id=\"panel-3-2-1-2\" class=\"so-panel widget widget_sow-editor panel-last-child\" data-index=\"9\" data-style=\"{&quot;background_image_attachment&quot;:false,&quot;background_display&quot;:&quot;tile&quot;,&quot;content_alignment&quot;:&quot;left&quot;,&quot;title_color&quot;:&quot;#443f3f&quot;,&quot;headings_color&quot;:&quot;#443f3f&quot;}\" >\n<div style=\"text-align: left;\" data-title-color=\"#443f3f\" data-headings-color=\"#443f3f\" class=\"panel-widget-style panel-widget-style-for-3-2-1-2\" >\n<div class=\"so-widget-sow-editor so-widget-sow-editor-base\">\n<h3 class=\"widget-title\">Dur\u00e9es de stockage de vos donn\u00e9es<\/h3>\n<div class=\"siteorigin-widget-tinymce textwidget\">\n\tPour les utilisateurs et utilisatrices qui s\u2019enregistrent sur notre site, nous stockons \u00e9galement les donn\u00e9es personnelles indiqu\u00e9es dans leur profil. Tous les utilisateurs et utilisatrices peuvent voir, modifier ou supprimer leurs informations personnelles \u00e0 tout moment (\u00e0 l\u2019exception de leur nom d\u2019utilisateur\u00b7rice). Les gestionnaires du site peuvent aussi voir et modifier ces informations.<\/div>\n<\/div>\n<\/div>\n<\/div>\n<\/div>\n<\/div>\n<\/div>\n<div id=\"pg-3-3\"  class=\"panel-grid panel-has-style\"  data-style=\"{&quot;cell_alignment&quot;:&quot;flex-start&quot;,&quot;align&quot;:&quot;&quot;,&quot;background_image&quot;:false,&quot;overlay&quot;:&quot;&quot;,&quot;overlay_color&quot;:&quot;#000000&quot;}\"  data-ratio=\"1\"  data-ratio-direction=\"right\" >\n<div style=\"padding: 100px 0; \" data-overlay=\"true\" data-overlay-color=\"#000000\" class=\"panel-row-style panel-row-style-for-3-3\" >\n<div id=\"pgc-3-3-0\"  class=\"panel-grid-cell\"  data-weight=\"1\" >\n<div id=\"panel-3-3-0-0\" class=\"so-panel widget widget_sow-editor panel-first-child\" data-index=\"10\" data-style=\"{&quot;background_image_attachment&quot;:false,&quot;background_display&quot;:&quot;tile&quot;,&quot;content_alignment&quot;:&quot;left&quot;,&quot;title_color&quot;:&quot;#443f3f&quot;,&quot;headings_color&quot;:&quot;#443f3f&quot;}\" >\n<div style=\"text-align: left;\" data-title-color=\"#443f3f\" data-headings-color=\"#443f3f\" class=\"panel-widget-style panel-widget-style-for-3-3-0-0\" >\n<div class=\"so-widget-sow-editor so-widget-sow-editor-base\">\n<h3 class=\"widget-title\">V\u00e9racit\u00e9 des informations<\/h3>\n<div class=\"siteorigin-widget-tinymce textwidget\">\n<p>Ce site s\u2019efforce d\u2019offrir les informations les plus exactes et les plus compl\u00e8tes possibles. Toutefois, aucune personne ne pourra pr\u00e9tendre \u00e0 r\u00e9paration si, par l\u2019utilisation d\u2019une information contenue sur le site, elle venait \u00e0 subir un pr\u00e9judice.<\/p>\n<\/div>\n<\/div>\n<\/div>\n<\/div>\n<div id=\"panel-3-3-0-1\" class=\"so-panel widget widget_sow-editor panel-last-child\" data-index=\"11\" data-style=\"{&quot;background_image_attachment&quot;:false,&quot;background_display&quot;:&quot;tile&quot;,&quot;content_alignment&quot;:&quot;left&quot;,&quot;title_color&quot;:&quot;#443f3f&quot;,&quot;headings_color&quot;:&quot;#443f3f&quot;}\" >\n<div style=\"text-align: left;\" data-title-color=\"#443f3f\" data-headings-color=\"#443f3f\" class=\"panel-widget-style panel-widget-style-for-3-3-0-1\" >\n<div class=\"so-widget-sow-editor so-widget-sow-editor-base\">\n<h3 class=\"widget-title\">Copyright<\/h3>\n<div class=\"siteorigin-widget-tinymce textwidget\">\n\tAucune donn\u00e9e ne pourra \u00eatre utilis\u00e9e, modifi\u00e9e ou reproduite sans le consentement \u00e9crit des M\u00e9rites Sportifs Vaudois.<\/p>\n<p>Est consid\u00e9r\u00e9 comme donn\u00e9e tous textes, images, vid\u00e9os, sons ou codes sources pr\u00e9sents sur le site.<\/p><\/div>\n<\/div>\n<\/div>\n<\/div>\n<\/div>\n<\/div>\n<\/div>\n<div id=\"pg-3-4\"  class=\"panel-grid panel-has-style\" >\n<div style=\"padding: 100px 0; \" data-overlay=\"true\" class=\"panel-row-style panel-row-style-for-3-4\" >\n<div id=\"pgc-3-4-0\"  class=\"panel-grid-cell\"  data-weight=\"1\" >\n<div id=\"panel-3-4-0-0\" class=\"so-panel widget widget_sow-editor panel-first-child panel-last-child\" data-index=\"12\" data-style=\"{&quot;background_image_attachment&quot;:false,&quot;background_display&quot;:&quot;tile&quot;,&quot;content_alignment&quot;:&quot;left&quot;,&quot;title_color&quot;:&quot;#443f3f&quot;,&quot;headings_color&quot;:&quot;#443f3f&quot;}\" >\n<div style=\"text-align: left;\" data-title-color=\"#443f3f\" data-headings-color=\"#443f3f\" class=\"panel-widget-style panel-widget-style-for-3-4-0-0\" >\n<div class=\"so-widget-sow-editor so-widget-sow-editor-base\">\n<div class=\"siteorigin-widget-tinymce textwidget\">\n<p>\u00a0<\/p>\n<p>[formidable id=&#8221;13&#8243; title=&#8221;1&#8243;]<\/p>\n<\/div>\n<\/div>\n<\/div>\n<\/div>\n<\/div>\n<\/div>\n<\/div>\n<\/div>\n","protected":false},"excerpt":{"rendered":"<p>Qui sommes-nous ? L\u2019adresse de notre site Web est\u00a0: meritessportifsvaudois.ch. Chaque ann\u00e9e nous d\u00e9cernons six distinctions \u00e0 des sportifs, des sportives, des espoirs, des clubs, des \u00e9quipes et des dirigeants\u00b7es pour soutenir le sport dans le canton de Vaud. Utilisation des donn\u00e9es personnelles collect\u00e9es M\u00e9dias Si vous proposez une candidature et que vous t\u00e9l\u00e9versez des [&hellip;]<\/p>\n","protected":false},"author":2,"featured_media":0,"parent":0,"menu_order":0,"comment_status":"closed","ping_status":"open","template":"","meta":{"_acf_changed":false,"footnotes":""},"class_list":["post-19","page","type-page","status-publish","hentry"],"acf":[],"_links":{"self":[{"href":"https:\/\/msv.igibits.com\/index.php?rest_route=\/wp\/v2\/pages\/19","targetHints":{"allow":["GET"]}}],"collection":[{"href":"https:\/\/msv.igibits.com\/index.php?rest_route=\/wp\/v2\/pages"}],"about":[{"href":"https:\/\/msv.igibits.com\/index.php?rest_route=\/wp\/v2\/types\/page"}],"author":[{"embeddable":true,"href":"https:\/\/msv.igibits.com\/index.php?rest_route=\/wp\/v2\/users\/2"}],"replies":[{"embeddable":true,"href":"https:\/\/msv.igibits.com\/index.php?rest_route=%2Fwp%2Fv2%2Fcomments&post=19"}],"version-history":[{"count":0,"href":"https:\/\/msv.igibits.com\/index.php?rest_route=\/wp\/v2\/pages\/19\/revisions"}],"wp:attachment":[{"href":"https:\/\/msv.igibits.com\/index.php?rest_route=%2Fwp%2Fv2%2Fmedia&parent=19"}],"curies":[{"name":"wp","href":"https:\/\/api.w.org\/{rel}","templated":true}]}}