{"id":485,"date":"2018-10-15T15:48:03","date_gmt":"2018-10-15T13:48:03","guid":{"rendered":"https:\/\/www.meritessportifsvaudois.ch\/?page_id=485"},"modified":"2018-10-15T15:48:03","modified_gmt":"2018-10-15T13:48:03","slug":"a-propos","status":"publish","type":"page","link":"https:\/\/msv.igibits.com\/?page_id=485","title":{"rendered":"\u00c0 propos"},"content":{"rendered":"<div id=\"pl-485\"  class=\"panel-layout\" >\n<div id=\"pg-485-0\"  class=\"panel-grid panel-has-style\"  data-style=\"{&quot;cell_alignment&quot;:&quot;flex-start&quot;,&quot;align&quot;:&quot;&quot;,&quot;background_image&quot;:false,&quot;overlay&quot;:&quot;&quot;,&quot;overlay_color&quot;:&quot;#000000&quot;}\" >\n<div style=\"padding: 100px 0; \" data-overlay=\"true\" data-overlay-color=\"#000000\" class=\"panel-row-style panel-row-style-for-485-0\" >\n<div id=\"pgc-485-0-0\"  class=\"panel-grid-cell\"  data-weight=\"0.5\" >\n<div id=\"panel-485-0-0-0\" class=\"so-panel widget widget_text panel-first-child panel-last-child\" data-index=\"0\" data-style=\"{&quot;background_image_attachment&quot;:false,&quot;background_display&quot;:&quot;tile&quot;,&quot;content_alignment&quot;:&quot;left&quot;,&quot;title_color&quot;:&quot;#443f3f&quot;,&quot;headings_color&quot;:&quot;#443f3f&quot;}\" >\n<div style=\"text-align: left;\" data-title-color=\"#443f3f\" data-headings-color=\"#443f3f\" class=\"panel-widget-style panel-widget-style-for-485-0-0-0\" >\n<h3 class=\"widget-title\">La sportive vaudoise \u00b7 Le sportif vaudois \u00b7 L&rsquo;espoir vaudois<\/h3>\n<div class=\"textwidget\">\n<p>La distinction est attribu\u00e9e \u00e0 une sportive, un sportif et \u00e0 un espoir vaudois ayant r\u00e9alis\u00e9 une performance marquante et\/ou une s\u00e9rie de r\u00e9sultats brillants. Pour pr\u00e9tendre aux M\u00e9rites Sportifs Vaudois\u00a0les candidats doivent avoir exerc\u00e9 leur activit\u00e9 dans un sport reconnu par Swiss Olympic Association au minimum pendant 5 ans dans le canton de Vaud.<\/p>\n<p>Seuls les r\u00e9sultats obtenus du 1<sup>er<\/sup> septembre au 31 ao\u00fbt sont retenus.<\/p>\n<\/div><\/div>\n<\/div>\n<\/div>\n<div id=\"pgc-485-0-1\"  class=\"panel-grid-cell\"  data-weight=\"0.5\" >\n<div id=\"panel-485-0-1-0\" class=\"so-panel widget widget_text panel-first-child panel-last-child\" data-index=\"1\" data-style=\"{&quot;background_image_attachment&quot;:false,&quot;background_display&quot;:&quot;tile&quot;,&quot;content_alignment&quot;:&quot;left&quot;,&quot;title_color&quot;:&quot;#443f3f&quot;,&quot;headings_color&quot;:&quot;#443f3f&quot;}\" >\n<div style=\"text-align: left;\" data-title-color=\"#443f3f\" data-headings-color=\"#443f3f\" class=\"panel-widget-style panel-widget-style-for-485-0-1-0\" >\n<h3 class=\"widget-title\">Le ou la dirigeant\u00b7e sportif\u00b7ve vaudois\u00b7e<\/h3>\n<div class=\"textwidget\">\n<p>La distinction est attribu\u00e9e \u00e0 un ou une dirigeant\u00b7e, un\u00b7e entra\u00eeneur\u00b7euse, un\u00b7e animateur\u00b7trice, un\u00b7e soigneur\u00b7euse ou tout autre personne ayant grandement contribu\u00e9 \u00e0 la bonne marche d\u2019une association ou d\u2019un club sportif. Les candidats doivent faire (ou avoir fait) preuve d\u2019une activit\u00e9 exemplaire, soit :<\/p>\n<ul>\n<li>avoir \u0153uvr\u00e9 pendant une p\u00e9riode particuli\u00e8rement longue<\/li>\n<li>\u00eatre \u00e0 l\u2019origine d\u2019un d\u00e9veloppement remarquable<\/li>\n<li>avoir conduit une ou plusieurs activit\u00e9s originales<\/li>\n<\/ul>\n<p>Pour pr\u00e9tendre \u00e0 un titre des M\u00e9rites Sportifs Vaudois, les candidats doivent \u00eatre domicili\u00e9s dans le canton et\/ou y avoir conduit la majeure partie de leur activit\u00e9. Cette activit\u00e9 doit \u00eatre empreinte d\u2019\u00e9thique sportive.<\/p>\n<\/div><\/div>\n<\/div>\n<\/div>\n<\/div>\n<\/div>\n<div id=\"pg-485-1\"  class=\"panel-grid panel-has-style\"  data-style=\"{&quot;cell_alignment&quot;:&quot;flex-start&quot;,&quot;align&quot;:&quot;&quot;,&quot;background_image&quot;:false,&quot;overlay&quot;:&quot;&quot;,&quot;overlay_color&quot;:&quot;#000000&quot;}\" >\n<div style=\"padding: 100px 0; \" data-overlay=\"true\" data-overlay-color=\"#000000\" class=\"panel-row-style panel-row-style-for-485-1\" >\n<div id=\"pgc-485-1-0\"  class=\"panel-grid-cell\"  data-weight=\"0.5\" >\n<div id=\"panel-485-1-0-0\" class=\"so-panel widget widget_text panel-first-child panel-last-child\" data-index=\"2\" data-style=\"{&quot;background_image_attachment&quot;:false,&quot;background_display&quot;:&quot;tile&quot;,&quot;content_alignment&quot;:&quot;left&quot;,&quot;title_color&quot;:&quot;#443f3f&quot;,&quot;headings_color&quot;:&quot;#443f3f&quot;}\" >\n<div style=\"text-align: left;\" data-title-color=\"#443f3f\" data-headings-color=\"#443f3f\" class=\"panel-widget-style panel-widget-style-for-485-1-0-0\" >\n<h3 class=\"widget-title\">Le club sportif vaudois<\/h3>\n<div class=\"textwidget\">\n<p>Les organisateurs veulent distinguer les activit\u00e9s m\u00e9ritantes d\u2019un club en faveur du sport. Le club peut notamment s\u2019illustrer en:<\/p>\n<ul>\n<li>faisant preuve d\u2019originalit\u00e9 \/ richesse dans les id\u00e9es;<\/li>\n<li>proposant des nouveaut\u00e9s dans l\u2019engagement sportif de base et dans la formation des athl\u00e8tes;<\/li>\n<li>sugg\u00e9rant des activit\u00e9s exemplaires pour la jeunesse;<\/li>\n<li>d\u00e9veloppant le Sport pour Tous;<\/li>\n<li>remplissant un r\u00f4le social dans la communaut\u00e9;<\/li>\n<li>ouvrant ses portes aux personnes en situation de handicap;<\/li>\n<li>s\u2019engageant dans la motivation des b\u00e9n\u00e9voles pour la formation des sportifs et celle des dirigeants apportant un soin particulier \u00e0 l\u2019accueil et \u00e0 la communication.<\/li>\n<\/ul>\n<p>Pour pr\u00e9tendre aux M\u00e9rites Sportifs Vaudois le club doit avoir son si\u00e8ge dans le canton et y conduire la majorit\u00e9 de ses activit\u00e9s. Il convient d\u2019\u00eatre affili\u00e9 \u00e0 une association cantonale ou f\u00e9d\u00e9rale membre de Swiss Olympic et de respecter l\u2019\u00e9thique sportive.<\/p>\n<p>Les r\u00e9sultats sportifs ne sont pas un crit\u00e8re d\u00e9terminant.<\/p>\n<\/div><\/div>\n<\/div>\n<\/div>\n<div id=\"pgc-485-1-1\"  class=\"panel-grid-cell\"  data-weight=\"0.5\" >\n<div id=\"panel-485-1-1-0\" class=\"so-panel widget widget_text panel-first-child panel-last-child\" data-index=\"3\" data-style=\"{&quot;background_image_attachment&quot;:false,&quot;background_display&quot;:&quot;tile&quot;,&quot;content_alignment&quot;:&quot;left&quot;,&quot;title_color&quot;:&quot;#443f3f&quot;,&quot;headings_color&quot;:&quot;#443f3f&quot;}\" >\n<div style=\"text-align: left;\" data-title-color=\"#443f3f\" data-headings-color=\"#443f3f\" class=\"panel-widget-style panel-widget-style-for-485-1-1-0\" >\n<h3 class=\"widget-title\">L&rsquo;\u00e9quipe sportive vaudoise<\/h3>\n<div class=\"textwidget\">\n<p>La distinction est attribu\u00e9e \u00e0 une \u00e9quipe ayant r\u00e9alis\u00e9 une performance marquante et\/ou une s\u00e9rie de r\u00e9sultats brillants en accord avec l\u2019\u00e9thique sportive. Seuls sont retenus les r\u00e9sultats acquis en cat\u00e9gorie actifs, ainsi que les titres juniors europ\u00e9ens ou mondiaux.<\/p>\n<p>Pour pr\u00e9tendre aux M\u00e9rites Sportifs Vaudois les candidats doivent pratiquer un sport reconnu par Swiss Olympic.<\/p>\n<p>Seuls les r\u00e9sultats obtenus du 1<sup>er<\/sup> septembre au 31 ao\u00fbt sont retenus.<\/p>\n<\/div><\/div>\n<\/div>\n<\/div>\n<\/div>\n<\/div>\n<div id=\"pg-485-2\"  class=\"panel-grid panel-has-style\"  data-style=\"{&quot;cell_alignment&quot;:&quot;flex-start&quot;,&quot;align&quot;:&quot;&quot;,&quot;background_image&quot;:false,&quot;overlay&quot;:&quot;&quot;,&quot;overlay_color&quot;:&quot;#000000&quot;}\"  data-ratio=\"1\"  data-ratio-direction=\"right\" >\n<div style=\"padding: 100px 0; \" data-overlay=\"true\" data-overlay-color=\"#000000\" class=\"panel-row-style panel-row-style-for-485-2\" >\n<div id=\"pgc-485-2-0\"  class=\"panel-grid-cell\"  data-weight=\"0.5\" >\n<div id=\"panel-485-2-0-0\" class=\"so-panel widget widget_text panel-first-child panel-last-child\" data-index=\"4\" data-style=\"{&quot;background_image_attachment&quot;:false,&quot;background_display&quot;:&quot;tile&quot;,&quot;content_alignment&quot;:&quot;left&quot;,&quot;title_color&quot;:&quot;#443f3f&quot;,&quot;headings_color&quot;:&quot;#443f3f&quot;}\" >\n<div style=\"text-align: left;\" data-title-color=\"#443f3f\" data-headings-color=\"#443f3f\" class=\"panel-widget-style panel-widget-style-for-485-2-0-0\" >\n<h3 class=\"widget-title\">Le ou la sportif\u00b7ve handicap vaudois\u00b7e<\/h3>\n<div class=\"textwidget\">\n<p>La distinction est attribu\u00e9e \u00e0 \u00a0un ou une sportif\u00b7ve handicap ayant fait honneur \u00e0 son canton en r\u00e9alisant<br \/>\nune performance marquante ou une s\u00e9rie de r\u00e9sultats particuli\u00e8rement brillants, en accord avec l\u2019\u00e9thique sportive, entre le 1er septembre de l\u2019ann\u00e9e pr\u00e9c\u00e9dente et le 31 ao\u00fbt de l\u2019ann\u00e9e de remise du M\u00e9rite. Seuls sont retenus les r\u00e9sultats acquis en cat\u00e9gorie \u00e9lite, dans un sport individuel, d\u2019\u00e9quipe ou collectif reconnu par Swiss Paralympic.<\/p>\n<p>Le jury juge du caract\u00e8re vaudois du candidat selon son domicile, son lieu de formation sportive et son lieu de pratique actuelle.<\/p>\n<p>L\u2019attribution du M\u00e9rite de la cat\u00e9gorie Sportif\u00b7ve handicap de l\u2019ann\u00e9e n\u2019est pas limit\u00e9e.<\/p>\n<\/div><\/div>\n<\/div>\n<\/div>\n<div id=\"pgc-485-2-1\"  class=\"panel-grid-cell\"  data-weight=\"0.5\" >\n<div id=\"panel-485-2-1-0\" class=\"so-panel widget widget_text panel-first-child panel-last-child\" data-index=\"5\" data-style=\"{&quot;background_image_attachment&quot;:false,&quot;background_display&quot;:&quot;tile&quot;,&quot;content_alignment&quot;:&quot;left&quot;,&quot;title_color&quot;:&quot;#443f3f&quot;,&quot;headings_color&quot;:&quot;#443f3f&quot;}\" >\n<div style=\"text-align: left;\" data-title-color=\"#443f3f\" data-headings-color=\"#443f3f\" class=\"panel-widget-style panel-widget-style-for-485-2-1-0\" >\n<h3 class=\"widget-title\">Choix des laur\u00e9ats<\/h3>\n<div class=\"textwidget\">\n<p>Les laur\u00e9ats seront choisis d\u2019apr\u00e8s les votes du public (40%) et les votes d\u2019un jury de 9 journalistes (60%).<\/p>\n<\/div><\/div>\n<\/div>\n<\/div>\n<\/div>\n<\/div>\n<\/div>\n","protected":false},"excerpt":{"rendered":"<p>La sportive vaudoise \u00b7 Le sportif vaudois \u00b7 L&rsquo;espoir vaudois La distinction est attribu\u00e9e \u00e0 une sportive, un sportif et \u00e0 un espoir vaudois ayant r\u00e9alis\u00e9 une performance marquante et\/ou une s\u00e9rie de r\u00e9sultats brillants. Pour pr\u00e9tendre aux M\u00e9rites Sportifs Vaudois\u00a0les candidats doivent avoir exerc\u00e9 leur activit\u00e9 dans un sport reconnu par Swiss Olympic Association [&hellip;]<\/p>\n","protected":false},"author":2,"featured_media":0,"parent":0,"menu_order":0,"comment_status":"closed","ping_status":"closed","template":"","meta":{"_acf_changed":false,"footnotes":""},"class_list":["post-485","page","type-page","status-publish","hentry"],"acf":[],"_links":{"self":[{"href":"https:\/\/msv.igibits.com\/index.php?rest_route=\/wp\/v2\/pages\/485","targetHints":{"allow":["GET"]}}],"collection":[{"href":"https:\/\/msv.igibits.com\/index.php?rest_route=\/wp\/v2\/pages"}],"about":[{"href":"https:\/\/msv.igibits.com\/index.php?rest_route=\/wp\/v2\/types\/page"}],"author":[{"embeddable":true,"href":"https:\/\/msv.igibits.com\/index.php?rest_route=\/wp\/v2\/users\/2"}],"replies":[{"embeddable":true,"href":"https:\/\/msv.igibits.com\/index.php?rest_route=%2Fwp%2Fv2%2Fcomments&post=485"}],"version-history":[{"count":0,"href":"https:\/\/msv.igibits.com\/index.php?rest_route=\/wp\/v2\/pages\/485\/revisions"}],"wp:attachment":[{"href":"https:\/\/msv.igibits.com\/index.php?rest_route=%2Fwp%2Fv2%2Fmedia&parent=485"}],"curies":[{"name":"wp","href":"https:\/\/api.w.org\/{rel}","templated":true}]}}